{"id":245,"date":"2025-11-05T10:11:02","date_gmt":"2025-11-05T09:11:02","guid":{"rendered":"https:\/\/xylon.ch\/?page_id=245"},"modified":"2025-12-07T21:59:09","modified_gmt":"2025-12-07T20:59:09","slug":"aktivmitglied-werden","status":"publish","type":"page","link":"https:\/\/xylon.ch\/de\/aktivmitglied-werden\/","title":{"rendered":"Aktivmitglied werden"},"content":{"rendered":"<style>.kb-row-layout-id245_28e7ef-34 > .kt-row-column-wrap{align-content:start;}:where(.kb-row-layout-id245_28e7ef-34 > .kt-row-column-wrap) > .wp-block-kadence-column{justify-content:start;}.kb-row-layout-id245_28e7ef-34 > .kt-row-column-wrap{column-gap:var(--global-kb-gap-md, 2rem);row-gap:var(--global-kb-gap-md, 2rem);padding-top:var(--global-kb-spacing-sm, 1.5rem);padding-bottom:var(--global-kb-spacing-sm, 1.5rem);grid-template-columns:minmax(0, 1fr);}.kb-row-layout-id245_28e7ef-34 > .kt-row-layout-overlay{opacity:0.30;}@media all and (max-width: 1024px){.kb-row-layout-id245_28e7ef-34 > .kt-row-column-wrap{grid-template-columns:minmax(0, 1fr);}}@media all and (max-width: 767px){.kb-row-layout-id245_28e7ef-34 > .kt-row-column-wrap{grid-template-columns:minmax(0, 1fr);}}<\/style><div class=\"kb-row-layout-wrap kb-row-layout-id245_28e7ef-34 alignnone wp-block-kadence-rowlayout\"><div class=\"kt-row-column-wrap kt-has-1-columns kt-row-layout-equal kt-tab-layout-inherit kt-mobile-layout-row kt-row-valign-top\">\n<style>.kadence-column245_e1f8c0-fb > .kt-inside-inner-col,.kadence-column245_e1f8c0-fb > .kt-inside-inner-col:before{border-top-left-radius:0px;border-top-right-radius:0px;border-bottom-right-radius:0px;border-bottom-left-radius:0px;}.kadence-column245_e1f8c0-fb > .kt-inside-inner-col{column-gap:var(--global-kb-gap-sm, 1rem);}.kadence-column245_e1f8c0-fb > .kt-inside-inner-col{flex-direction:column;}.kadence-column245_e1f8c0-fb > .kt-inside-inner-col > .aligncenter{width:100%;}.kadence-column245_e1f8c0-fb > .kt-inside-inner-col:before{opacity:0.3;}.kadence-column245_e1f8c0-fb{position:relative;}@media all and (max-width: 1024px){.kadence-column245_e1f8c0-fb > .kt-inside-inner-col{flex-direction:column;justify-content:center;}}@media all and (max-width: 767px){.kadence-column245_e1f8c0-fb > .kt-inside-inner-col{flex-direction:column;justify-content:center;}}<\/style>\n<div class=\"wp-block-kadence-column kadence-column245_e1f8c0-fb\"><div class=\"kt-inside-inner-col\">\n<h1 class=\"wp-block-heading\">Aktivmitglied werden<\/h1>\n\n\n<style>.kb-row-layout-id245_989a28-8a > .kt-row-column-wrap{align-content:start;}:where(.kb-row-layout-id245_989a28-8a > .kt-row-column-wrap) > .wp-block-kadence-column{justify-content:start;}.kb-row-layout-id245_989a28-8a > .kt-row-column-wrap{column-gap:var(--global-kb-gap-md, 2rem);row-gap:var(--global-kb-gap-md, 2rem);padding-top:var(--global-kb-spacing-sm, 1.5rem);padding-bottom:var(--global-kb-spacing-sm, 1.5rem);grid-template-columns:repeat(2, minmax(0, 1fr));}.kb-row-layout-id245_989a28-8a > .kt-row-layout-overlay{opacity:0.30;}@media all and (max-width: 1024px){.kb-row-layout-id245_989a28-8a > .kt-row-column-wrap{grid-template-columns:repeat(2, minmax(0, 1fr));}}@media all and (max-width: 767px){.kb-row-layout-id245_989a28-8a > .kt-row-column-wrap{grid-template-columns:minmax(0, 1fr);}}<\/style><div class=\"kb-row-layout-wrap kb-row-layout-id245_989a28-8a alignnone wp-block-kadence-rowlayout\"><div class=\"kt-row-column-wrap kt-has-2-columns kt-row-layout-equal kt-tab-layout-inherit kt-mobile-layout-row kt-row-valign-top\">\n<style>.kadence-column245_0c918f-63 > .kt-inside-inner-col,.kadence-column245_0c918f-63 > .kt-inside-inner-col:before{border-top-left-radius:0px;border-top-right-radius:0px;border-bottom-right-radius:0px;border-bottom-left-radius:0px;}.kadence-column245_0c918f-63 > .kt-inside-inner-col{column-gap:var(--global-kb-gap-sm, 1rem);}.kadence-column245_0c918f-63 > .kt-inside-inner-col{flex-direction:column;}.kadence-column245_0c918f-63 > .kt-inside-inner-col > .aligncenter{width:100%;}.kadence-column245_0c918f-63 > .kt-inside-inner-col:before{opacity:0.3;}.kadence-column245_0c918f-63{position:relative;}@media all and (max-width: 1024px){.kadence-column245_0c918f-63 > .kt-inside-inner-col{flex-direction:column;justify-content:center;}}@media all and (max-width: 767px){.kadence-column245_0c918f-63 > .kt-inside-inner-col{flex-direction:column;justify-content:center;}}<\/style>\n<div class=\"wp-block-kadence-column kadence-column245_0c918f-63\"><div class=\"kt-inside-inner-col\">\n<p>Aktivmitglied kann werden, wer sich in seiner ku\u0308nstlerischen Arbeit intensiv mit einer oder mehreren Hochdrucktechniken bescha\u0308ftigt. An der j\u00e4hrlichen Generalversammlung im Fr\u00fchjahr wird \u00fcber die Aufnahme von neuen Mitgliedern abgestimmt. Anhand von Arbeitsproben in digitaler und\/oder analoger Form entscheidet die GV u\u0308ber eine Aufnahme.<\/p>\n\n\n\n<p class=\"mt-1\">Ein digitales Bewerbungs-Dossier kann jeweils bis sp\u00e4testens Ende Januar via ein Aktivmitglied oder  an den Vorstand gesendet werden.<\/p>\n\n\n\n<p class=\"mt-1\">Aufnahmereglement und n\u00e4here Informationen:<\/p>\n\n\n<a href=\"mailto:in&#103;r&#105;&#100;.&#109;&#101;r&#107;&#108;i&#64;bl&#117;e&#119;&#105;&#110;.&#99;h\" title=\"in&#103;r&#105;&#100;.&#109;&#101;r&#107;&#108;i&#64;bl&#117;e&#119;&#105;&#110;.&#99;h\">in&#103;r&#105;&#100;.&#109;&#101;r&#107;&#108;i&#64;bl&#117;e&#119;&#105;&#110;.&#99;h<\/a>\n<\/div><\/div>\n\n\n<style>.kadence-column245_9a4318-86 > .kt-inside-inner-col,.kadence-column245_9a4318-86 > .kt-inside-inner-col:before{border-top-left-radius:0px;border-top-right-radius:0px;border-bottom-right-radius:0px;border-bottom-left-radius:0px;}.kadence-column245_9a4318-86 > .kt-inside-inner-col{column-gap:var(--global-kb-gap-sm, 1rem);}.kadence-column245_9a4318-86 > .kt-inside-inner-col{flex-direction:column;}.kadence-column245_9a4318-86 > .kt-inside-inner-col > .aligncenter{width:100%;}.kadence-column245_9a4318-86 > .kt-inside-inner-col:before{opacity:0.3;}.kadence-column245_9a4318-86{position:relative;}@media all and (max-width: 1024px){.kadence-column245_9a4318-86 > .kt-inside-inner-col{flex-direction:column;justify-content:center;}}@media all and (max-width: 767px){.kadence-column245_9a4318-86 > .kt-inside-inner-col{flex-direction:column;justify-content:center;}}<\/style>\n<div class=\"wp-block-kadence-column kadence-column245_9a4318-86\"><div class=\"kt-inside-inner-col\"><\/div><\/div>\n\n<\/div><\/div><\/div><\/div>\n\n<\/div><\/div>\n\n\n<p><\/p>\n","protected":false},"excerpt":{"rendered":"<p>Aktivmitglied werden Aktivmitglied kann werden, wer sich in seiner ku\u0308nstlerischen Arbeit intensiv mit einer oder mehreren Hochdrucktechniken bescha\u0308ftigt. An der j\u00e4hrlichen Generalversammlung im Fr\u00fchjahr wird \u00fcber die Aufnahme von neuen Mitgliedern abgestimmt. Anhand von Arbeitsproben in digitaler und\/oder analoger Form entscheidet die GV u\u0308ber eine Aufnahme. Ein digitales Bewerbungs-Dossier kann jeweils bis sp\u00e4testens Ende Januar [&hellip;]<\/p>\n","protected":false},"author":1,"featured_media":0,"parent":0,"menu_order":0,"comment_status":"closed","ping_status":"closed","template":"","meta":{"footnotes":""},"class_list":["post-245","page","type-page","status-publish","hentry"],"_links":{"self":[{"href":"https:\/\/xylon.ch\/de\/wp-json\/wp\/v2\/pages\/245","targetHints":{"allow":["GET"]}}],"collection":[{"href":"https:\/\/xylon.ch\/de\/wp-json\/wp\/v2\/pages"}],"about":[{"href":"https:\/\/xylon.ch\/de\/wp-json\/wp\/v2\/types\/page"}],"author":[{"embeddable":true,"href":"https:\/\/xylon.ch\/de\/wp-json\/wp\/v2\/users\/1"}],"replies":[{"embeddable":true,"href":"https:\/\/xylon.ch\/de\/wp-json\/wp\/v2\/comments?post=245"}],"version-history":[{"count":27,"href":"https:\/\/xylon.ch\/de\/wp-json\/wp\/v2\/pages\/245\/revisions"}],"predecessor-version":[{"id":580,"href":"https:\/\/xylon.ch\/de\/wp-json\/wp\/v2\/pages\/245\/revisions\/580"}],"wp:attachment":[{"href":"https:\/\/xylon.ch\/de\/wp-json\/wp\/v2\/media?parent=245"}],"curies":[{"name":"wp","href":"https:\/\/api.w.org\/{rel}","templated":true}]}}