{"id":35,"date":"2025-10-17T12:23:02","date_gmt":"2025-10-17T10:23:02","guid":{"rendered":"https:\/\/xylon.ch\/accueil\/"},"modified":"2026-04-04T09:06:34","modified_gmt":"2026-04-04T07:06:34","slug":"accueil","status":"publish","type":"page","link":"https:\/\/xylon.ch\/fr\/","title":{"rendered":"Accueil"},"content":{"rendered":"<style>.kb-row-layout-id2_7c65a8-ce > .kt-row-column-wrap{align-content:start;}:where(.kb-row-layout-id2_7c65a8-ce > .kt-row-column-wrap) > .wp-block-kadence-column{justify-content:start;}.kb-row-layout-id2_7c65a8-ce > .kt-row-column-wrap{column-gap:var(--global-kb-gap-md, 2rem);row-gap:var(--global-kb-gap-md, 2rem);padding-top:var(--global-kb-spacing-sm, 1.5rem);padding-bottom:var(--global-kb-spacing-sm, 1.5rem);grid-template-columns:minmax(0, 1fr);}.kb-row-layout-id2_7c65a8-ce > .kt-row-layout-overlay{opacity:0.30;}@media all and (max-width: 1024px){.kb-row-layout-id2_7c65a8-ce > .kt-row-column-wrap{grid-template-columns:minmax(0, 1fr);}}@media all and (max-width: 767px){.kb-row-layout-id2_7c65a8-ce > .kt-row-column-wrap{grid-template-columns:minmax(0, 1fr);}}<\/style><div class=\"kb-row-layout-wrap kb-row-layout-id2_7c65a8-ce alignnone wp-block-kadence-rowlayout\"><div class=\"kt-row-column-wrap kt-has-1-columns kt-row-layout-equal kt-tab-layout-inherit kt-mobile-layout-row kt-row-valign-top\">\n<style>.kadence-column2_22ad87-65 > .kt-inside-inner-col,.kadence-column2_22ad87-65 > .kt-inside-inner-col:before{border-top-left-radius:0px;border-top-right-radius:0px;border-bottom-right-radius:0px;border-bottom-left-radius:0px;}.kadence-column2_22ad87-65 > .kt-inside-inner-col{column-gap:var(--global-kb-gap-sm, 1rem);}.kadence-column2_22ad87-65 > .kt-inside-inner-col{flex-direction:column;}.kadence-column2_22ad87-65 > .kt-inside-inner-col > .aligncenter{width:100%;}.kadence-column2_22ad87-65 > .kt-inside-inner-col:before{opacity:0.3;}.kadence-column2_22ad87-65{position:relative;}@media all and (max-width: 1024px){.kadence-column2_22ad87-65 > .kt-inside-inner-col{flex-direction:column;justify-content:center;}}@media all and (max-width: 767px){.kadence-column2_22ad87-65 > .kt-inside-inner-col{flex-direction:column;justify-content:center;}}<\/style>\n<div class=\"wp-block-kadence-column kadence-column2_22ad87-65\"><div class=\"kt-inside-inner-col\">    <link rel=\"stylesheet\" href=\"https:\/\/xylon.ch\/wp-content\/themes\/xylon\/js\/splide\/splide.min.css\">\n    <div id=\"splide-random\" class=\"splide\">\n        <div class=\"splide__track\">\n            <ul class=\"splide__list\">\n                                <li class=\"splide__slide\">\n                                      <img decoding=\"async\" src=\"https:\/\/xylon.ch\/bild\/werke\/m\/mauerhofer_2020.jpg\" alt=\"\" data-artist=\"mauerhofer\">\n                <\/li>\n                                <li class=\"splide__slide\">\n                                      <img decoding=\"async\" src=\"https:\/\/xylon.ch\/bild\/werke\/m\/burki_03.jpg\" alt=\"\" data-artist=\"burki\">\n                <\/li>\n                                <li class=\"splide__slide\">\n                                      <img decoding=\"async\" src=\"https:\/\/xylon.ch\/bild\/werke\/m\/deertz_12.jpg\" alt=\"\" data-artist=\"deertz\">\n                <\/li>\n                                <li class=\"splide__slide\">\n                                      <img decoding=\"async\" src=\"https:\/\/xylon.ch\/bild\/werke\/m\/fehr_01.jpg\" alt=\"\" data-artist=\"fehr\">\n                <\/li>\n                                <li class=\"splide__slide\">\n                                      <img decoding=\"async\" src=\"https:\/\/xylon.ch\/bild\/werke\/m\/ruch_03.jpg\" alt=\"\" data-artist=\"ruch\">\n                <\/li>\n                            <\/ul>\n        <\/div>\n    <\/div>\n    <script src=\"https:\/\/xylon.ch\/wp-content\/themes\/xylon\/js\/splide\/splide.min.js\"><\/script>\n    <script>\n      new Splide('#splide-random', {\n        type: 'loop',\n        gap: '24px',\n        arrows: false,\n        heightRatio: 0.3,\n        autoWidth: true,\n        autoplay: true,\n        interval: 5000,\n        breakpoints: {\n          768: {\n            gap: '12px',\n            heightRatio: 0.5,\n          },\n          499: {\n            gap: '8px',\n            heightRatio: 0.75,\n          },\n        }\n      }).mount();\n    <\/script>\n    <style>\n      #splide-random {\n        margin-bottom: 35px;\n      }\n      .splide__pagination {\n        border-top: 1px solid #d0d0d0;\n        bottom: -30px;\n        padding-top: 7px;\n    }\n      #splide-random .splide__slide img {\n        max-height: 100%;\n        width: auto;\n      }\n    <\/style>\n    \n<\/div><\/div>\n\n<\/div><\/div><style>.kb-row-layout-id2_0b84ad-e3 > .kt-row-column-wrap{align-content:start;}:where(.kb-row-layout-id2_0b84ad-e3 > .kt-row-column-wrap) > .wp-block-kadence-column{justify-content:start;}.kb-row-layout-id2_0b84ad-e3 > .kt-row-column-wrap{column-gap:var(--global-kb-gap-md, 2rem);row-gap:var(--global-kb-gap-md, 2rem);padding-top:var(--global-kb-spacing-sm, 1.5rem);padding-bottom:var(--global-kb-spacing-sm, 1.5rem);grid-template-columns:minmax(0, 1fr);}.kb-row-layout-id2_0b84ad-e3 > .kt-row-layout-overlay{opacity:0.30;}@media all and (max-width: 1024px){.kb-row-layout-id2_0b84ad-e3 > .kt-row-column-wrap{grid-template-columns:minmax(0, 1fr);}}@media all and (max-width: 767px){.kb-row-layout-id2_0b84ad-e3 > .kt-row-column-wrap{grid-template-columns:minmax(0, 1fr);}}<\/style><div class=\"kb-row-layout-wrap kb-row-layout-id2_0b84ad-e3 alignnone wp-block-kadence-rowlayout\"><div class=\"kt-row-column-wrap kt-has-1-columns kt-row-layout-equal kt-tab-layout-inherit kt-mobile-layout-row kt-row-valign-top\">\n<style>.kadence-column2_528ce7-26 > .kt-inside-inner-col,.kadence-column2_528ce7-26 > .kt-inside-inner-col:before{border-top-left-radius:0px;border-top-right-radius:0px;border-bottom-right-radius:0px;border-bottom-left-radius:0px;}.kadence-column2_528ce7-26 > .kt-inside-inner-col{column-gap:var(--global-kb-gap-sm, 1rem);}.kadence-column2_528ce7-26 > .kt-inside-inner-col{flex-direction:column;}.kadence-column2_528ce7-26 > .kt-inside-inner-col > .aligncenter{width:100%;}.kadence-column2_528ce7-26 > .kt-inside-inner-col:before{opacity:0.3;}.kadence-column2_528ce7-26{position:relative;}@media all and (max-width: 1024px){.kadence-column2_528ce7-26 > .kt-inside-inner-col{flex-direction:column;justify-content:center;}}@media all and (max-width: 767px){.kadence-column2_528ce7-26 > .kt-inside-inner-col{flex-direction:column;justify-content:center;}}<\/style>\n<div class=\"wp-block-kadence-column kadence-column2_528ce7-26\"><div class=\"kt-inside-inner-col\"><style>.wp-block-kadence-advancedheading.kt-adv-heading2_92b486-6c, .wp-block-kadence-advancedheading.kt-adv-heading2_92b486-6c[data-kb-block=\"kb-adv-heading2_92b486-6c\"]{font-style:normal;}.wp-block-kadence-advancedheading.kt-adv-heading2_92b486-6c mark.kt-highlight, .wp-block-kadence-advancedheading.kt-adv-heading2_92b486-6c[data-kb-block=\"kb-adv-heading2_92b486-6c\"] mark.kt-highlight{font-style:normal;color:#f76a0c;-webkit-box-decoration-break:clone;box-decoration-break:clone;padding-top:0px;padding-right:0px;padding-bottom:0px;padding-left:0px;}.wp-block-kadence-advancedheading.kt-adv-heading2_92b486-6c img.kb-inline-image, .wp-block-kadence-advancedheading.kt-adv-heading2_92b486-6c[data-kb-block=\"kb-adv-heading2_92b486-6c\"] img.kb-inline-image{width:150px;vertical-align:baseline;}<\/style>\n<h2 class=\"kt-adv-heading2_92b486-6c wp-block-kadence-advancedheading\" data-kb-block=\"kb-adv-heading2_92b486-6c\">Bienvenue chez XYLON Suisse<\/h2>\n\n\n<style>.wp-block-kadence-advancedheading.kt-adv-heading2_00f67b-45, .wp-block-kadence-advancedheading.kt-adv-heading2_00f67b-45[data-kb-block=\"kb-adv-heading2_00f67b-45\"]{font-style:normal;}.wp-block-kadence-advancedheading.kt-adv-heading2_00f67b-45 mark.kt-highlight, .wp-block-kadence-advancedheading.kt-adv-heading2_00f67b-45[data-kb-block=\"kb-adv-heading2_00f67b-45\"] mark.kt-highlight{font-style:normal;color:#f76a0c;-webkit-box-decoration-break:clone;box-decoration-break:clone;padding-top:0px;padding-right:0px;padding-bottom:0px;padding-left:0px;}.wp-block-kadence-advancedheading.kt-adv-heading2_00f67b-45 img.kb-inline-image, .wp-block-kadence-advancedheading.kt-adv-heading2_00f67b-45[data-kb-block=\"kb-adv-heading2_00f67b-45\"] img.kb-inline-image{width:150px;vertical-align:baseline;}<\/style>\n<h2 class=\"kt-adv-heading2_00f67b-45 wp-block-kadence-advancedheading\" data-kb-block=\"kb-adv-heading2_00f67b-45\">Association pour la gravure artistique en relief<\/h2>\n<\/div><\/div>\n\n<\/div><\/div>\n<p>Les artistes de la gravure sur bois sont sp\u00e9cialis\u00e9s dans la gravure sur bois et d&rsquo;autres techniques d&rsquo;impression en relief comme moyen d&rsquo;expression artistique. L&rsquo;association a pour but de pr\u00e9server cette technique d&rsquo;impression traditionnelle et de promouvoir son d\u00e9veloppement contemporain. L&rsquo;association permet des \u00e9changes entre les professionnels de l&rsquo;art. Par le biais d&rsquo;expositions et de publications, elle offre au public un aper\u00e7u de la diversit\u00e9 des cr\u00e9ations de ses membres.<\/p>\n<style>.kb-row-layout-id2_f8719e-8d > .kt-row-column-wrap{align-content:start;}:where(.kb-row-layout-id2_f8719e-8d > .kt-row-column-wrap) > .wp-block-kadence-column{justify-content:start;}.kb-row-layout-id2_f8719e-8d > .kt-row-column-wrap{column-gap:var(--global-kb-gap-md, 2rem);row-gap:var(--global-kb-gap-md, 2rem);max-width:var(--wp--style--global--content-size);padding-top:var(--global-kb-spacing-sm, 1.5rem);padding-bottom:var(--global-kb-spacing-sm, 1.5rem);grid-template-columns:repeat(2, minmax(0, 1fr));}.kb-row-layout-id2_f8719e-8d > .kt-row-layout-overlay{opacity:0.30;}@media all and (max-width: 1024px){.kb-row-layout-id2_f8719e-8d > .kt-row-column-wrap{grid-template-columns:repeat(2, minmax(0, 1fr));}}@media all and (max-width: 767px){.kb-row-layout-id2_f8719e-8d > .kt-row-column-wrap{grid-template-columns:minmax(0, 1fr);}}<\/style><div class=\"kb-row-layout-wrap kb-row-layout-id2_f8719e-8d alignnone wp-block-kadence-rowlayout\"><div class=\"kt-row-column-wrap kt-has-2-columns kt-row-layout-equal kt-tab-layout-inherit kt-mobile-layout-row kt-row-valign-top kb-theme-content-width\">\n<style>.kadence-column2_04c514-f7 > .kt-inside-inner-col,.kadence-column2_04c514-f7 > .kt-inside-inner-col:before{border-top-left-radius:0px;border-top-right-radius:0px;border-bottom-right-radius:0px;border-bottom-left-radius:0px;}.kadence-column2_04c514-f7 > .kt-inside-inner-col{column-gap:var(--global-kb-gap-sm, 1rem);}.kadence-column2_04c514-f7 > .kt-inside-inner-col{flex-direction:column;}.kadence-column2_04c514-f7 > .kt-inside-inner-col > .aligncenter{width:100%;}.kadence-column2_04c514-f7 > .kt-inside-inner-col:before{opacity:0.3;}.kadence-column2_04c514-f7{position:relative;}@media all and (max-width: 1024px){.kadence-column2_04c514-f7 > .kt-inside-inner-col{flex-direction:column;justify-content:center;}}@media all and (max-width: 767px){.kadence-column2_04c514-f7 > .kt-inside-inner-col{flex-direction:column;justify-content:center;}}<\/style>\n<div class=\"wp-block-kadence-column kadence-column2_04c514-f7\"><div class=\"kt-inside-inner-col\">\n<h2 class=\"wp-block-heading\">\u00c9v\u00e9nement XYLON Suisse<\/h2>\n\n\n\n<figure class=\"wp-block-image size-large is-resized\"><img loading=\"lazy\" decoding=\"async\" width=\"768\" height=\"1024\" src=\"https:\/\/xylon.ch\/wp-content\/uploads\/Xylon-Basel-2026-edit-768x1024.jpeg\" alt=\"\" class=\"wp-image-873\" style=\"aspect-ratio:0.7500145036839357;width:330px;height:auto\" srcset=\"https:\/\/xylon.ch\/wp-content\/uploads\/Xylon-Basel-2026-edit-768x1024.jpeg 768w, https:\/\/xylon.ch\/wp-content\/uploads\/Xylon-Basel-2026-edit-225x300.jpeg 225w, https:\/\/xylon.ch\/wp-content\/uploads\/Xylon-Basel-2026-edit-1152x1536.jpeg 1152w, https:\/\/xylon.ch\/wp-content\/uploads\/Xylon-Basel-2026-edit.jpeg 1512w\" sizes=\"auto, (max-width: 768px) 100vw, 768px\" \/><\/figure>\n<\/div><\/div>\n\n\n<style>.kadence-column2_0ab011-63 > .kt-inside-inner-col,.kadence-column2_0ab011-63 > .kt-inside-inner-col:before{border-top-left-radius:0px;border-top-right-radius:0px;border-bottom-right-radius:0px;border-bottom-left-radius:0px;}.kadence-column2_0ab011-63 > .kt-inside-inner-col{column-gap:var(--global-kb-gap-sm, 1rem);}.kadence-column2_0ab011-63 > .kt-inside-inner-col{flex-direction:column;}.kadence-column2_0ab011-63 > .kt-inside-inner-col > .aligncenter{width:100%;}.kadence-column2_0ab011-63 > .kt-inside-inner-col:before{opacity:0.3;}.kadence-column2_0ab011-63{position:relative;}@media all and (max-width: 1024px){.kadence-column2_0ab011-63 > .kt-inside-inner-col{flex-direction:column;justify-content:center;}}@media all and (max-width: 767px){.kadence-column2_0ab011-63 > .kt-inside-inner-col{flex-direction:column;justify-content:center;}}<\/style>\n<div class=\"wp-block-kadence-column kadence-column2_0ab011-63\"><div class=\"kt-inside-inner-col\"><style>.wp-block-kadence-advancedheading.kt-adv-heading2_8fbbab-81, .wp-block-kadence-advancedheading.kt-adv-heading2_8fbbab-81[data-kb-block=\"kb-adv-heading2_8fbbab-81\"]{font-style:normal;}.wp-block-kadence-advancedheading.kt-adv-heading2_8fbbab-81 mark.kt-highlight, .wp-block-kadence-advancedheading.kt-adv-heading2_8fbbab-81[data-kb-block=\"kb-adv-heading2_8fbbab-81\"] mark.kt-highlight{font-style:normal;color:#f76a0c;-webkit-box-decoration-break:clone;box-decoration-break:clone;padding-top:0px;padding-right:0px;padding-bottom:0px;padding-left:0px;}.wp-block-kadence-advancedheading.kt-adv-heading2_8fbbab-81 img.kb-inline-image, .wp-block-kadence-advancedheading.kt-adv-heading2_8fbbab-81[data-kb-block=\"kb-adv-heading2_8fbbab-81\"] img.kb-inline-image{width:150px;vertical-align:baseline;}<\/style>\n<h2 class=\"kt-adv-heading2_8fbbab-81 wp-block-kadence-advancedheading\" data-kb-block=\"kb-adv-heading2_8fbbab-81\">\u00c9v\u00e8nement des membres<\/h2>\n\n\n\n<figure data-wp-context=\"{&quot;imageId&quot;:&quot;69e49d6fd644d&quot;}\" data-wp-interactive=\"core\/image\" data-wp-key=\"69e49d6fd644d\" class=\"wp-block-image size-large is-resized wp-lightbox-container\"><img loading=\"lazy\" decoding=\"async\" width=\"730\" height=\"1024\" data-wp-class--hide=\"state.isContentHidden\" data-wp-class--show=\"state.isContentVisible\" data-wp-init=\"callbacks.setButtonStyles\" data-wp-on--click=\"actions.showLightbox\" data-wp-on--load=\"callbacks.setButtonStyles\" data-wp-on-window--resize=\"callbacks.setButtonStyles\" src=\"https:\/\/xylon.ch\/wp-content\/uploads\/Winterthur-a-730x1024.jpg\" alt=\"\" class=\"wp-image-877\" style=\"aspect-ratio:0.7129149663615308;width:310px;height:auto\" srcset=\"https:\/\/xylon.ch\/wp-content\/uploads\/Winterthur-a-730x1024.jpg 730w, https:\/\/xylon.ch\/wp-content\/uploads\/Winterthur-a-214x300.jpg 214w, https:\/\/xylon.ch\/wp-content\/uploads\/Winterthur-a.jpg 734w\" sizes=\"auto, (max-width: 730px) 100vw, 730px\" \/><button\n\t\t\tclass=\"lightbox-trigger\"\n\t\t\ttype=\"button\"\n\t\t\taria-haspopup=\"dialog\"\n\t\t\taria-label=\"Agrandir\"\n\t\t\tdata-wp-init=\"callbacks.initTriggerButton\"\n\t\t\tdata-wp-on--click=\"actions.showLightbox\"\n\t\t\tdata-wp-style--right=\"state.imageButtonRight\"\n\t\t\tdata-wp-style--top=\"state.imageButtonTop\"\n\t\t>\n\t\t\t<svg xmlns=\"http:\/\/www.w3.org\/2000\/svg\" width=\"12\" height=\"12\" fill=\"none\" viewBox=\"0 0 12 12\">\n\t\t\t\t<path fill=\"#fff\" d=\"M2 0a2 2 0 0 0-2 2v2h1.5V2a.5.5 0 0 1 .5-.5h2V0H2Zm2 10.5H2a.5.5 0 0 1-.5-.5V8H0v2a2 2 0 0 0 2 2h2v-1.5ZM8 12v-1.5h2a.5.5 0 0 0 .5-.5V8H12v2a2 2 0 0 1-2 2H8Zm2-12a2 2 0 0 1 2 2v2h-1.5V2a.5.5 0 0 0-.5-.5H8V0h2Z\" \/>\n\t\t\t<\/svg>\n\t\t<\/button><\/figure>\n\n\n\n<figure data-wp-context=\"{&quot;imageId&quot;:&quot;69e49d6fd682d&quot;}\" data-wp-interactive=\"core\/image\" data-wp-key=\"69e49d6fd682d\" class=\"wp-block-image size-large is-resized wp-lightbox-container\"><img loading=\"lazy\" decoding=\"async\" width=\"725\" height=\"1024\" data-wp-class--hide=\"state.isContentHidden\" data-wp-class--show=\"state.isContentVisible\" data-wp-init=\"callbacks.setButtonStyles\" data-wp-on--click=\"actions.showLightbox\" data-wp-on--load=\"callbacks.setButtonStyles\" data-wp-on-window--resize=\"callbacks.setButtonStyles\" src=\"https:\/\/xylon.ch\/wp-content\/uploads\/Winterthur-b-725x1024.jpg\" alt=\"\" class=\"wp-image-879\" style=\"aspect-ratio:0.7080150058873463;width:295px;height:auto\" srcset=\"https:\/\/xylon.ch\/wp-content\/uploads\/Winterthur-b-725x1024.jpg 725w, https:\/\/xylon.ch\/wp-content\/uploads\/Winterthur-b-212x300.jpg 212w, https:\/\/xylon.ch\/wp-content\/uploads\/Winterthur-b.jpg 727w\" sizes=\"auto, (max-width: 725px) 100vw, 725px\" \/><button\n\t\t\tclass=\"lightbox-trigger\"\n\t\t\ttype=\"button\"\n\t\t\taria-haspopup=\"dialog\"\n\t\t\taria-label=\"Agrandir\"\n\t\t\tdata-wp-init=\"callbacks.initTriggerButton\"\n\t\t\tdata-wp-on--click=\"actions.showLightbox\"\n\t\t\tdata-wp-style--right=\"state.imageButtonRight\"\n\t\t\tdata-wp-style--top=\"state.imageButtonTop\"\n\t\t>\n\t\t\t<svg xmlns=\"http:\/\/www.w3.org\/2000\/svg\" width=\"12\" height=\"12\" fill=\"none\" viewBox=\"0 0 12 12\">\n\t\t\t\t<path fill=\"#fff\" d=\"M2 0a2 2 0 0 0-2 2v2h1.5V2a.5.5 0 0 1 .5-.5h2V0H2Zm2 10.5H2a.5.5 0 0 1-.5-.5V8H0v2a2 2 0 0 0 2 2h2v-1.5ZM8 12v-1.5h2a.5.5 0 0 0 .5-.5V8H12v2a2 2 0 0 1-2 2H8Zm2-12a2 2 0 0 1 2 2v2h-1.5V2a.5.5 0 0 0-.5-.5H8V0h2Z\" \/>\n\t\t\t<\/svg>\n\t\t<\/button><\/figure>\n<\/div><\/div>\n\n<\/div><\/div>\n<p><\/p>\n","protected":false},"excerpt":{"rendered":"<p>Bienvenue chez XYLON Suisse Association pour la gravure artistique en relief Les artistes de la gravure sur bois sont sp\u00e9cialis\u00e9s dans la gravure sur bois et d&rsquo;autres techniques d&rsquo;impression en relief comme moyen d&rsquo;expression artistique. L&rsquo;association a pour but de pr\u00e9server cette technique d&rsquo;impression traditionnelle et de promouvoir son d\u00e9veloppement contemporain. L&rsquo;association permet des \u00e9changes [&hellip;]<\/p>\n","protected":false},"author":1,"featured_media":0,"parent":0,"menu_order":0,"comment_status":"closed","ping_status":"closed","template":"","meta":{"footnotes":""},"class_list":["post-35","page","type-page","status-publish","hentry"],"_links":{"self":[{"href":"https:\/\/xylon.ch\/fr\/wp-json\/wp\/v2\/pages\/35","targetHints":{"allow":["GET"]}}],"collection":[{"href":"https:\/\/xylon.ch\/fr\/wp-json\/wp\/v2\/pages"}],"about":[{"href":"https:\/\/xylon.ch\/fr\/wp-json\/wp\/v2\/types\/page"}],"author":[{"embeddable":true,"href":"https:\/\/xylon.ch\/fr\/wp-json\/wp\/v2\/users\/1"}],"replies":[{"embeddable":true,"href":"https:\/\/xylon.ch\/fr\/wp-json\/wp\/v2\/comments?post=35"}],"version-history":[{"count":48,"href":"https:\/\/xylon.ch\/fr\/wp-json\/wp\/v2\/pages\/35\/revisions"}],"predecessor-version":[{"id":930,"href":"https:\/\/xylon.ch\/fr\/wp-json\/wp\/v2\/pages\/35\/revisions\/930"}],"wp:attachment":[{"href":"https:\/\/xylon.ch\/fr\/wp-json\/wp\/v2\/media?parent=35"}],"curies":[{"name":"wp","href":"https:\/\/api.w.org\/{rel}","templated":true}]}}