{"id":475,"date":"2025-10-17T12:23:02","date_gmt":"2025-10-17T10:23:02","guid":{"rendered":"https:\/\/xylon.ch\/mentions-legales-confidentialite\/"},"modified":"2025-12-07T23:22:11","modified_gmt":"2025-12-07T22:22:11","slug":"mentions-legales-confidentialite","status":"publish","type":"page","link":"https:\/\/xylon.ch\/fr\/mentions-legales-confidentialite\/","title":{"rendered":"Mentions l\u00e9gales &amp; Confidentialit\u00e9"},"content":{"rendered":"<style>.wp-block-kadence-advancedheading.kt-adv-heading3_2394ca-80, .wp-block-kadence-advancedheading.kt-adv-heading3_2394ca-80[data-kb-block=\"kb-adv-heading3_2394ca-80\"]{font-style:normal;}.wp-block-kadence-advancedheading.kt-adv-heading3_2394ca-80 mark.kt-highlight, .wp-block-kadence-advancedheading.kt-adv-heading3_2394ca-80[data-kb-block=\"kb-adv-heading3_2394ca-80\"] mark.kt-highlight{font-style:normal;color:#f76a0c;-webkit-box-decoration-break:clone;box-decoration-break:clone;padding-top:0px;padding-right:0px;padding-bottom:0px;padding-left:0px;}.wp-block-kadence-advancedheading.kt-adv-heading3_2394ca-80 img.kb-inline-image, .wp-block-kadence-advancedheading.kt-adv-heading3_2394ca-80[data-kb-block=\"kb-adv-heading3_2394ca-80\"] img.kb-inline-image{width:150px;vertical-align:baseline;}<\/style>\n<h1 class=\"kt-adv-heading3_2394ca-80 wp-block-kadence-advancedheading\" data-kb-block=\"kb-adv-heading3_2394ca-80\">Mentions l\u00e9gales &amp; Confidentialit\u00e9<\/h1>\n\n<h2 class=\"wp-block-heading\">Impressum<\/h2>\n\n<p>XYLON Schweiz<br\/>c\/o Christa Rogger<br\/>Ernst-Jung-Gasse 16d<br\/>8400 Winterthur<\/p>\n\n<a href=\"mailto:xyl&#111;n&#64;c&#104;&#114;is&#116;&#97;&#114;&#111;gg&#101;&#114;.ch\" title=\"xyl&#111;n&#64;c&#104;&#114;is&#116;&#97;&#114;&#111;gg&#101;&#114;.ch\">xyl&#111;n&#64;c&#104;&#114;is&#116;&#97;&#114;&#111;gg&#101;&#114;.ch<\/a>\n\n<h2 class=\"wp-block-heading\">Datenschutz<\/h2>\n\n<h3 class=\"wp-block-heading\">1. Allgemeiner Hinweis<\/h3>\n\n<p>Gest\u00fctzt auf Artikel 13 der schweizerischen Bundesverfassung und den datenschutzrechtlichen Bestimmungen des Bundes (Datenschutzgesetz, DSG) hat jede Person Anspruch auf Schutz ihrer Privatsph\u00e4re sowie auf Schutz vor Missbrauch ihrer pers\u00f6nlichen Daten.<\/p>\n\n<p>Wir legen grossen Wert auf den Schutz Ihrer Daten und die Wahrung Ihrer Privatsph\u00e4re.<\/p>\n\n<p>Im Rahmen unserer T\u00e4tigkeiten beschaffen und bearbeiten wir Personendaten, insbesondere Personendaten \u00fcber unsere Besucher unserer Website, Teilnehmende an Veranstaltungen, Empf\u00e4nger von Newslettern und andere Gesch\u00e4ftspartner (nachstehend auch \u00abSie\u00bb). In dieser Datenschutzerkl\u00e4rung informieren wir Sie \u00fcber diese Datenbearbeitungen. Zus\u00e4tzlich zu der vorliegenden Datenschutzerkl\u00e4rung k\u00f6nnen wir Sie \u00fcber die Bearbeitung Ihrer Daten separat informieren (z.B. bei Formularen oder Vertragsbedingungen).  <\/p>\n\n<p>Diese Datenschutzerkl\u00e4rung ist auf die Anforderungen der EU-Datenschutz-Grundverordnung (\u00abDSGVO\u00bb), das Schweizer Datenschutzgesetz (\u00abDSG\u00bb) und das revidierte Schweizer Datenschutzgesetz (\u00abrevDSG\u00bb) ausgelegt. Ob und inwieweit diese Gesetze anwendbar sind, h\u00e4ngt jedoch vom Einzelfall ab. <\/p>\n\n<h3 class=\"wp-block-heading\">2. Datenschutzbeauftragte Person<\/h3>\n\n<p>F\u00fcr die in dieser Datenschutzerkl\u00e4rung beschriebenen Bearbeitungen ist datenschutzrechtlich Christa Rogger, Kommunikation XYLON Vorstand, verantwortlich. Bei Fragen oder Anliegen zum Schutz Ihrer Daten durch uns, erreichen Sie uns via E-Mail an <a href=\"mailto:&#120;&#121;lon&#64;&#99;h&#114;i&#115;&#116;&#97;rogge&#114;&#46;ch\" title=\"&#120;&#121;lon&#64;&#99;h&#114;i&#115;&#116;&#97;rogge&#114;&#46;ch\">&#120;&#121;lon&#64;&#99;h&#114;i&#115;&#116;&#97;rogge&#114;&#46;ch<\/a>. <\/p>\n\n<h3 class=\"wp-block-heading\">3. Begriffsdefinition<\/h3>\n\n<p>Personenbezogene Daten sind alle Angaben, die sich auf eine bestimmte oder bestimmbare nat\u00fcrliche Person beziehen. Dazu geh\u00f6ren beispielsweise Name, Adresse, Geburtsdatum, E-Mail-Adresse oder Telefonnummer. Auch Daten \u00fcber pers\u00f6nliche Vorlieben wie Freizeitbesch\u00e4ftigungen oder Mitgliedschaften z\u00e4hlen zu den personenbezogenen Daten.  <\/p>\n\n<p>Besonders sch\u00fctzenswerte Personendaten sind Daten \u00fcber religi\u00f6se, weltanschauliche, politische oder gewerkschaftliche Ansichten oder T\u00e4tigkeiten; Daten \u00fcber die Gesundheit, und gegebenenfalls Angaben zu administrativen oder strafrechtlichen Verfolgungen und Sanktionen sowie Daten \u00fcber Massnahmen der sozialen Hilfe gelten als besonders sch\u00fctzenswerte Personendaten. Soweit erforderlich und geeignet, k\u00f6nnen wir besonders sch\u00fctzenswerte Personendaten einfordern und bearbeiten. In diesem Fall unterliegen deren Bearbeitung strengerer Vertraulichkeit.  <\/p>\n\n<p>Datenbearbeitung ist jeder Umgang mit Personendaten, unabh\u00e4ngig von den angewandten Mitteln und Verfahren, insbesondere das Beschaffen, Speichern, Aufbewahren, Verwenden, Ver\u00e4ndern, Bekanntgeben, Archivieren, L\u00f6schen oder Vernichten von Daten.<\/p>\n\n<h3 class=\"wp-block-heading\">4. Informationen zur Datenbearbeitung<\/h3>\n\n<h3 class=\"wp-block-heading\">4.1. Datenerhebung<\/h3>\n\n<p>Daten von Ihnen: Der Grossteil der von uns bearbeiteten Daten geben Sie (oder Ihr Endger\u00e4t) uns selbst bekannt (z.B. im Zusammenhang mit unseren Dienstleistungen, der Nutzung unserer Website und Apps, oder der Kommunikation mit uns). Das k\u00f6nnen folgende Kategorien sein: <\/p>\n\n<ul class=\"wp-block-list\">\n<li>Personenstammdaten (Name, Adresse, Geburtsdaten, etc.)<\/li>\n\n\n\n<li>Kontaktdaten (Handynummer, E-Mailadresse, etc.)<\/li>\n\n\n\n<li>Vertrags- und Finanzdaten (Kontoangaben, etc.)<\/li>\n\n\n\n<li>Registrierungsdaten (Daten, die im Rahmen einer Registrierung, z.B. Online, Applikation, Newsletter), beim Einl\u00f6sen von Gutscheinen und Gutschriften bei uns anfallen, respektive Sie uns angeben (z.B. Benutzername, E-Mail).<\/li>\n\n\n\n<li>Server-Log-Dateien (Browsertyp und -version, verwendetes Betriebssystem, Referrer URL, Hostname des zugreifenden Rechners, Zeitpunkt der Serveranfrage)<\/li>\n\n\n\n<li>Verhaltens- und Pr\u00e4ferenzdaten (Reaktionen auf elektronische Mitteilungen, die Navigation auf der Website und in der Applikation oder Interaktionen mit unseren Social Media-Profilen etc., ggf. erg\u00e4nzen und verkn\u00fcpfen wir diese auch mit Angaben aus \u00f6ffentlich zug\u00e4nglichen Quellen<\/li>\n\n\n\n<li>Standort- und Verkehrsdaten<\/li>\n\n\n\n<li>Sonstige Daten: (Daten, die im Zusammenhang mit beh\u00f6rdlichen oder gerichtlichen Verfahren bearbeitet werden, wie z.B. Akten, Beweismittel etc.), Fotos, Videos- oder Tonaufnahmen, die wir herstellen oder von Dritten erhalten und auf denen Sie erkennbar sind (z.B. an Anl\u00e4ssen, bei Kursen etc.), Zugangsdaten oder \u2013rechte (z.B. Besucherlisten), Teilnahmen an Anl\u00e4ssen oder Kursen.<\/li>\n<\/ul>\n\n<p>Sie sind zur Bekanntgabe Ihrer Daten mit Ausnahmen in Einzelf\u00e4llen (z.B. gesetzliche Verpflichtungen) nicht verpflichtet. Wenn Sie jedoch beispielsweise mit uns Vertr\u00e4ge schliessen, einen Auftrag erteilen oder unsere Leistungen beanspruchen wollen, m\u00fcssen Sie uns gewisse Daten bekanntgeben. Auch die Verwendung unserer Website ist ohne eine Datenbearbeitung nicht m\u00f6glich  <\/p>\n\n<p><strong>Daten von Dritten<\/strong> <br\/>Wir k\u00f6nnen auch Daten aus \u00f6ffentlich zug\u00e4nglichen Quellen (z.B. Betreibungsregister, Grundb\u00fccher, Handelsregister, Medien oder dem Internet inkl. Social Media) entnehmen oder erhalten diese von Beh\u00f6rden, Ihrem Arbeit- oder Auftraggeber, der mit uns entweder in einer gesch\u00e4ftlichen Beziehung steht oder anderweitig zu tun hat, sowie von sonstigen Dritten (z.B. von Ihnen vermittelte Kunden, Adressh\u00e4ndler, Verb\u00e4nde und \u00e4hnliche Organisationen, Vertragspartner, Internet-Analysedienste).<\/p>\n\n<h3 class=\"wp-block-heading\">4.2 Zweck der Datenerhebung und Datenbearbeitung<\/h3>\n\n<p>Wenn Sie unsere Dienstleistungen in Anspruch nehmen, unsere Website xylon.ch besuchen (nachfolgend \u00abWebsite\u00ab), oder sonst mit uns zu tun haben, beschaffen und bearbeiten wir Personendaten. Wir k\u00f6nnen diese Daten insbesondere zu den folgenden Zwecken beschaffen und bearbeiten: <\/p>\n\n<p><strong>Kommunikation<\/strong><br\/>Um mit Ihnen sowie mit Dritten \u00fcber E-Mail, Telefon, SMS, brieflich oder anderweitig zu kommunizieren (z.B. zur Beantwortung von Anfragen, im Rahmen einer Beratung oder zur Vertragsanbahnung oder -abwicklung), bearbeiten wir Daten von Ihnen.<\/p>\n\n<p><strong>Anbahnung, Abschluss, Verwaltung und Abwicklung von Vertr\u00e4gen<\/strong><br\/>Im Zusammenhang mit der Erbringung unserer Leistungen oder der Anbahnung, dem Abschluss, der Verwaltung oder der Abwicklung von Vertr\u00e4gen mit unseren Kunden oder anderen Vertragspartnern (z.B. Dienstleister, Projektpartner) bearbeiten wir Personendaten. Dies beinhaltet insbesondere auch Bearbeitungen zur Kundenbetreuung sowie zur Erbringung und Einforderung vertraglicher Leistungen (was auch den Beizug von Dritten umfasst). Auch die Durchsetzung von Rechtsanspr\u00fcchen aus Vertr\u00e4gen (Inkasso, Gerichtsverfahren etc.), die Buchf\u00fchrung, die Beendigung von Vertr\u00e4gen und die \u00f6ffentliche Kommunikation geh\u00f6ren dazu.  <\/p>\n\n<p><strong>Beziehungspflege und Marketingzwecke<\/strong><br\/>Wir bearbeiten Ihre Personendaten auch zur Beziehungspflege und zu Marketingzwecken, wie namentlich um unseren Kunden, anderen Vertragspartnern und sonstigen Interessenten personalisierte Werbung (z.B. auf unserer Website, als Drucksache oder per E-Mail) zu Produkten, Dienstleistungen und sonstigen Neuigkeiten von uns zu senden, im Zusammenhang mit Gratisleistungen (z.B. Einladungen, Gutscheine), im Rahmen von einzelnen Marketingaktionen (z.B. Ausstellungen, Anl\u00e4sse und Workshops) oder im Zusammenhang mit Weiterempfehlungsaktionen. Sie k\u00f6nnen solche Kontakte jederzeit ablehnen bzw. eine Einwilligung in die Kontaktaufnahme f\u00fcr Werbezwecke durch Mitteilung an uns verweigern oder widerrufen. <\/p>\n\n<p><strong>Marktforschung, Verbesserung unserer Dienstleistungen und unseres Betriebs sowie Produktentwicklung<\/strong><br\/>Um unsere Produkte und Dienstleistungen (inkl. unsere Website) laufend zu verbessern, erheben wir Daten \u00fcber Ihr Verhalten und Ihre Pr\u00e4ferenzen, indem wir beispielsweise analysieren, wie Sie durch unsere Website navigieren, wie Sie mit unseren Social Media-Profilen interagieren oder welche Dienstleistungen von welchen Personengruppen in welcher Weise nachgefragt und genutzt werden. Gegebenenfalls k\u00f6nnen wir diese Informationen mit Angaben von Dritten (auch aus \u00f6ffentlich zug\u00e4nglichen Quellen) erg\u00e4nzen. <\/p>\n\n<p><strong>Betrieb unserer Website<\/strong><br\/>Um unsere Website sicher und stabil betreiben zu k\u00f6nnen erheben wir technische Daten, wie z.B. IP-Adresse, Angaben \u00fcber das Betriebssystem und Einstellungen Ihres Endger\u00e4ts, die Region, den Zeitpunkt und die Art der Nutzung. Zudem verwenden wir Cookies und \u00e4hnliche Technologien. <\/p>\n\n<p><strong>Vereinsf\u00fchrung<\/strong><br\/>Wir verarbeiten Daten im Rahmen von Verwaltungsaufgaben sowie der Organisation unseres Vereins, der Finanzbuchhaltung und der Erf\u00fcllung gesetzlicher Pflichten, wie z.B. der Archivierung. Dabei verarbeiten wir dieselben Daten, die wir im Rahmen der Erbringung unserer vertraglichen Leistungen verarbeiten. Von der Verarbeitung sind Mitglieder, Kunden, Interessenten, Gesch\u00e4ftspartner und Webseitenbesucher betroffen. Der Zweck und unser Interesse an der Verarbeitung liegen in der Verwaltung, Finanzbuchhaltung, B\u00fcroorganisation, Archivierung von Daten, d.h. Aufgaben, die der Aufrechterhaltung unserer T\u00e4tigkeit, der Erf\u00fcllung unserer Aufgaben und der Erbringung unserer Dienstleistungen dienen. Die L\u00f6schung von Daten im Hinblick auf vertragliche Leistungen und vertragliche Kommunikation entspricht den in diesen Verarbeitungst\u00e4tigkeiten genannten Daten.    <\/p>\n\n<p>Dar\u00fcber hinaus speichern wir aufgrund unserer ideellen Interessen Informationen \u00fcber Lieferanten, Veranstalter und andere Gesch\u00e4ftspartner, z.B. zum Zwecke der sp\u00e4teren Kontaktaufnahme. Diese Daten werden in der Regel dauerhaft gespeichert. <\/p>\n\n<p><strong>Einhaltung von Gesetzen, Weisungen und Empfehlungen von Beh\u00f6rden und interner Regularien<\/strong><br\/>Im Rahmen der Einhaltung von Gesetzen k\u00f6nnen wir Personendaten bearbeiten (z.B. Bek\u00e4mpfung der Geldw\u00e4scherei oder steuerrechtliche Pflichten). Ausserdem k\u00f6nnen bei internen und externen Untersuchungen (z.B. durch eine Strafverfolgungs- oder Aufsichtsbeh\u00f6rde oder eine beauftragte private Stelle) Datenbearbeitungen erfolgen. Bei den rechtlichen Pflichten kann es sich um schweizerisches Recht, aber auch um ausl\u00e4ndische Bestimmungen handeln, denen wir unterstehen, ebenso um Selbstregulierungen, Branchenstandards, die eigene \u00abCorporate Governance\u00bb und beh\u00f6rdliche Anweisungen und Ersuchen.  <\/p>\n\n<p><strong>Weitere Zwecke<\/strong><br\/>Zu weiteren Zwecken geh\u00f6ren z.B. Schulungs- und Ausbildungszwecke sowie administrative Zwecke (z.B. die Buchhaltung). Wir k\u00f6nnen zu Schulungs-, Beweis- und Qualit\u00e4tssicherungszwecken Telefon- oder Videokonferenzen mith\u00f6ren oder aufzeichnen. In solchen F\u00e4llen weisen wir Sie gesondert daraufhin (z.B. durch eine Anzeige w\u00e4hrend der betreffenden Videokonferenz) und es steht Ihnen frei uns mitzuteilen, falls Sie keine Aufzeichnung w\u00fcnschen. Ausserdem k\u00f6nnen wir Personendaten f\u00fcr die Organisation, die Durchf\u00fchrung und die Nachbereitung von Anl\u00e4ssen bearbeiten, wie insbesondere Teilnehmerlisten und Inhalte von Referaten und Diskussionen, aber auch Bild- und Audioaufnahmen, die w\u00e4hrend diesen Anl\u00e4ssen erstellt werden. Auch die Wahrung weiterer berechtigter Interessen geh\u00f6rt zu den weiteren Zwecken, die sich nicht abschliessend nennen lassen.    <\/p>\n\n<h3 class=\"wp-block-heading\">5. Weitergabe der Daten<\/h3>\n\n<p><strong>Dienstleiter<\/strong><br\/>Wir arbeiten mit Dienstleistern im In- und Ausland zusammen, die in unserem Auftrag, in gemeinsamer Verantwortung mit uns oder in eigener Verantwortung Daten bearbeiten, die sie von uns erhalten oder f\u00fcr uns erhoben haben. Zu diesen Dienstleistern geh\u00f6ren z.B. IT-Provider, Eventorganisationen, Werbedienstleistende, Banken, Softwareentwickler, Versicherungen, Inkassofirmen, Adresspr\u00fcfer oder Anw\u00e4lte. <\/p>\n\n<p><strong>Kunden und andere Vertragspartner<\/strong><br\/>Gemeint sind zun\u00e4chst Kunden und andere Vertragspartner von uns, bei welchen sich eine \u00dcbermittlung Ihrer Daten aus dem Vertrag ergibt (z.B. weil Sie f\u00fcr einen Vertragspartner t\u00e4tig sind oder er Leistungen f\u00fcr Sie erbringt). Zu dieser Kategorie von Empf\u00e4ngern geh\u00f6ren auch Vertragspartner, mit denen wir kooperieren oder die f\u00fcr uns Werbung betreiben. Die Empf\u00e4nger bearbeiten die Daten grunds\u00e4tzlich in eigener Verantwortlichkeit.  <\/p>\n\n<p><strong>Beh\u00f6rden<\/strong><br\/>Wir k\u00f6nnen Personendaten an \u00c4mter, Gerichte und andere Beh\u00f6rden im In- und Ausland weitergeben, wenn wir dazu rechtlich verpflichtet oder berechtigt sind oder dies zur Wahrung unserer Interessen als erforderlich erscheint. Diese Empf\u00e4nger bearbeiten die Daten in eigener Verantwortlichkeit. <\/p>\n\n<p><strong>Weitere Personen<\/strong><br\/>Gemeint sind andere F\u00e4lle, bei denen sich der Einbezug von Dritten ergibt. Das betrifft z.B. von Ihnen angegebene Lieferadressaten oder Zahlungsempf\u00e4nger, Dritte im Rahmen von Vertretungsverh\u00e4ltnissen (z.B. Ihr Anwalt oder Ihre Bank) oder an Beh\u00f6rden- oder Gerichtsverfahren beteiligte Personen. Wenn wir mit Medien zusammenarbeiten und dieses Material \u00fcbermitteln (z.B. Fotos), k\u00f6nnen Sie ebenfalls davon betroffen sein. Im Rahmen der Kommunikation mit unseren Mitgliedern, Partnern, Branchenorganisationen, Verb\u00e4nden und weiteren Gremien kann es ebenfalls zum Austausch von Daten kommen, die Sie betreffen.   <\/p>\n\n<p>Alle diese Kategorien von Empf\u00e4ngern k\u00f6nnen ihrerseits Dritte beiziehen, so dass Ihre Daten auch diesen zug\u00e4nglich werden k\u00f6nnen. Die Bearbeitung durch bestimmte Dritte k\u00f6nnen wir beschr\u00e4nken (z.B. IT-Provider), jene anderer Dritter aber nicht (z.B. Beh\u00f6rden, Banken etc.). <\/p>\n\n<p>Wir erm\u00f6glichen auch bestimmten Dritten, auf unserer Website und bei Anl\u00e4ssen von uns, ihrerseits Personendaten von Ihnen auch in eigener Verantwortung zu erheben (z.B. Medienfotografen, Anbieter von Tools, die wir auf unserer Website eingebunden haben etc.). Soweit wir nicht in entscheidender Weise an diesen Datenerhebungen beteiligt sind, sind diese Dritten alleine daf\u00fcr verantwortlich. Bei Anliegen und zur Geltendmachung Ihrer Datenschutzrechte wenden Sie sich bitte direkt an diese Dritten.  <\/p>\n\n<h3 class=\"wp-block-heading\">6. Weitergabe der Daten ins Ausland<\/h3>\n\n<p>Unter Umst\u00e4nden kann es im Rahmen der Auftragsverarbeitung zu \u00dcbermittlung Ihrer personenbezogenen Daten an Unternehmen im Ausland kommen. Diese Unternehmen sind im gleichen Umfang zum Datenschutz verpflichtet, wie wir selbst. Die \u00dcbermittlung kann weltweit stattfinden.  <\/p>\n\n<p>Entspricht das Datenschutzniveau nicht demjenigen des EWR-Raums, so nehmen wir eine vorg\u00e4ngige Risikoeinsch\u00e4tzung vor und stellen vertraglich sicher, dass der gleiche Schutz wie im EWR-Raum garantiert wird (bspw. mittels der neuen Standardvertragsklauseln der EU-Kommission oder anderen, gesetzlich vorgegebenen Massnahmen). Sollte unsere Risikoeinsch\u00e4tzung negativ ausfallen, ergreifen wir zus\u00e4tzliche technische Massnahmen zum Schutz Ihrer Daten. <\/p>\n\n<h3 class=\"wp-block-heading\">7. Aufbewahrungsdauer<\/h3>\n\n<p>Wir speichern personenbezogene Daten nur so lange, wie dies erforderlich ist, um die einzelnen Zwecke, zu denen die Daten erhoben wurden, zu erf\u00fcllen.<\/p>\n\n<p>Daten, die wir bei Ihrem Besuch auf unserer Website speichern, werden w\u00e4hrend zw\u00f6lf Monaten aufbewahrt. Eine Ausnahme gilt f\u00fcr Analyse- und Trackingdaten, die l\u00e4nger aufbewahrt werden k\u00f6nnen. <\/p>\n\n<p>Vertragsdaten speichern wir l\u00e4nger, da wir dazu durch gesetzliche Vorschriften verpflichtet sind. Wir m\u00fcssen insbesondere gesch\u00e4ftliche Kommunikation, geschlossene Vertr\u00e4ge und Buchungsbelege bis zu 10 Jahren aufbewahren. Soweit wir solche Daten von Ihnen nicht mehr zur Durchf\u00fchrung der Dienstleistungen ben\u00f6tigen, werden die Daten gesperrt und wir verwenden sie nur noch f\u00fcr Zwecke der Rechnungslegung und f\u00fcr Steuerzwecke.  <\/p>\n\n<h3 class=\"wp-block-heading\">8. Rechte<\/h3>\n\n<p>Sie haben im Zusammenhang mit unserer Datenbearbeitung gewisse Rechte. Sie k\u00f6nnen nach anwendbarem Recht insbesondere Auskunft \u00fcber die Bearbeitung Ihrer Personendaten verlangen, unrichtige Personendaten korrigieren lassen, die L\u00f6schung von Personendaten verlangen, Widerspruch gegen eine Datenbearbeitung erheben, die Herausgabe bestimmter Personendaten in einem g\u00e4ngigen elektronischen Format oder ihre \u00dcbertragung an andere Verantwortliche verlangen. Die Daten werden Ihnen in der Regel kostenlos und innert maximal 30 Tagen \u00fcbergeben.  <\/p>\n\n<p>Verantwortlich f\u00fcr s\u00e4mtliche Fragen, die im Zusammenhang mit der Verarbeitung Ihrer personenbezogenen Daten und Wahrnehmung Ihrer Rechte stehen, ist Christa Rogger, Kommunikation XYLON Vorstand, zust\u00e4ndig.<\/p>\n\n<h3 class=\"wp-block-heading\">9. Datenbearbeitung auf unserer Website, Cookies, Social-Media-Plugins sowie Drittanbieter<\/h3>\n\n<p>Unsere Website wird in der Schweiz gehostet. Innerhalb unserer Webseite verwenden wir das SSL-Verfahren (Secure Socket Layer) in Verbindung mit der jeweils h\u00f6chsten Verschl\u00fcsselungsstufe, die von Ihrem Browser unterst\u00fctzt wird. <\/p>\n\n<p>Bei der Nutzung unserer Website (inkl. Newsletter, und weiterer digitaler Angebote wie Bestellungen, etc.) fallen Daten an, die in Protokollen gespeichert werden (insbesondere technische Daten). Zudem k\u00f6nnen wir Cookies und \u00e4hnliche Techniken (z.B. Pixel-Tags oder Fingerprints) einsetzen, um Website-Besucher wiederzuerkennen, ihr Verhalten auszuwerten und Pr\u00e4ferenzen zu erkennen. Ein Cookie ist eine kleine Datei, die zwischen dem Server und Ihrem System \u00fcbermittelt wird und die Wiedererkennung eines bestimmten Ger\u00e4ts oder Browsers erm\u00f6glicht.  <\/p>\n\n<p>Sie k\u00f6nnen Ihren Browser so einstellen, dass dieser Cookies automatisch ablehnt, akzeptiert oder l\u00f6scht. Sie k\u00f6nnen auch Cookies im Einzelfall deaktivieren oder l\u00f6schen. Wie Sie die Cookies in Ihrem Browser verwalten k\u00f6nnen, erfahren Sie im Hilfemen\u00fc Ihres Browsers.  <\/p>\n\n<p>Sowohl die von uns erhobenen technischen Daten als auch Cookies enthalten in der Regel keine Personendaten. Allerdings k\u00f6nnen Personendaten, die wir oder von uns beauftragte Drittanbieter von Ihnen speichern (z.B. wenn Sie ein Benutzerkonto bei uns oder diesen Anbietern haben), mit den technischen Daten bzw. mit den in Cookies gespeicherten und aus ihnen gewonnenen Informationen und damit m\u00f6glicherweise mit Ihrer Person verkn\u00fcpft werden. <\/p>\n\n<p>Daneben nutzen wir eigene Tools sowie Dienste von Drittanbietern (welche ihrerseits Cookies einsetzen k\u00f6nnen) auf unserer Website, insbesondere um die Funktionalit\u00e4t oder den Inhalt unserer Website zu verbessern (z.B. Integration von Videos oder Karten), Statistiken zu erstellen sowie Werbung zu schalten.<\/p>\n\n<p>Derzeit k\u00f6nnen wir insbesondere Angebote der folgenden Dienstleister und Werbepartner verwenden, wobei ihre Kontaktdaten und weitere Informationen zu den einzelnen Datenbearbeitungen in der jeweiligen Datenschutzerkl\u00e4rung abrufbar ist:<\/p>\n\n<p><strong>YouTube<\/strong><br\/>Auf unserer Website sind YouTube-Videos eingebettet oder verlinkt. Wenn Sie eine Seite besuchen, auf der ein YouTube-Video eingebettet ist, kann YouTube technische Daten wie IP-Adresse, geraetebezogene Informationen und Nutzungsdaten erfassen und diese an Server in der EU oder Drittl\u00e4nder (z.B. USA) u\u0308bermitteln. Wenn Sie mit Ihrem Google-Konto eingeloggt sind, kann YouTube den Besuch der Seite meistens mithilfe con Cookies Ihrem Profil zuordnen. Die Datenverarbeitung erfolgt in eigener Verantwortung von YouTube. Weitere Informationen finden Sie in der Datenschutzerkl\u00e4rung von Google <a href=\"https:\/\/safety.google\/privacy\/\" target=\"_blank\" rel=\"noreferrer noopener\">https:\/\/safety.google\/privacy\/<\/a>.    <\/p>\n\n<h3 class=\"wp-block-heading\">10. Datenbearbeitung in Sozialen Netzwerken<\/h3>\n\n<p>Wir betreiben auf sozialen Netzwerken und anderen von Dritten betriebenen Plattformen eine Online-Pr\u00e4senz. In diesem Zusammenhang k\u00f6nnen Daten \u00fcber Sie zu den Plattformen gelangen (z.B., wenn Sie mit uns kommunizieren oder unsere Inhalte kommentieren). Die Anbieter der Plattformen k\u00f6nnen Ihre Nutzung analysieren und diese Daten zusammen mit anderen Daten, die ihnen \u00fcber Sie vorliegen, bearbeiten. Sie bearbeiten diese Daten auch f\u00fcr ihre eigenen Zwecke und handeln als eigene Verantwortliche. Weitere Informationen zur Bearbeitung durch die Plattformbetreiber entnehmen Sie bitte den Datenschutzerkl\u00e4rungen der jeweiligen Plattformen.    <\/p>\n\n<p>Wir nutzen derzeit die folgenden Plattformen, wobei die Identit\u00e4t und Kontaktdaten des Plattformbetreibers jeweils in der Datenschutzerkl\u00e4rung abrufbar sind:<\/p>\n\n<ul class=\"wp-block-list\">\n<li>Instagram, Meta Platforms, Inc. f\u00fcr instagram.com<br\/>Datenschutzerkl\u00e4rung: <a href=\"https:\/\/about.instagram.com\/data-policy\" target=\"_blank\" rel=\"noreferrer noopener\">https:\/\/about.instagram.com\/data-policy<\/a> <\/li>\n\n\n\n<li>Youtube, Google LLC f\u00fcr youtube.com<br\/>Datenschutzerkl\u00e4rung: <a href=\"https:\/\/safety.google\/privacy\/\" target=\"_blank\" rel=\"noreferrer noopener\">https:\/\/safety.google\/privacy\/<\/a><\/li>\n\n\n\n<li>Facebook, Meta Platforms, Inc. f\u00fcr facebook.com<br\/>Datenschutzerkl\u00e4rung: <a href=\"https:\/\/www.facebook.com\/privacy\/policy\/\" target=\"_blank\" rel=\"noreferrer noopener\">https:\/\/www.facebook.com\/privacy\/policy\/<\/a> <\/li>\n<\/ul>\n\n<p>Wir sind berechtigt, aber nicht verpflichtet, Fremdinhalte vor oder nach ihrer Ver\u00f6ffentlichung auf unseren Online-Pr\u00e4senzen zu \u00fcberpr\u00fcfen, Inhalte ohne Ank\u00fcndigung zu l\u00f6schen und sie gegebenenfalls dem Anbieter der betreffenden Plattform zu melden.<\/p>\n\n<p>Einige der Plattformbetreiber befinden sich m\u00f6glicherweise ausserhalb des Schweiz. Informationen zur Datenbekanntgabe ins Ausland finden Sie unter Ziff.  6.<\/p>\n\n<h3 class=\"wp-block-heading\">11. \u00c4nderungen<\/h3>\n\n<p>Wir k\u00f6nnen diese Datenschutzrichtlinie jederzeit ohne vorherige Ank\u00fcndigung \u00e4ndern. Es gilt die jeweils aktuelle, auf unserer Website ver\u00f6ffentlichte Fassung. <\/p>\n\n<p>Letzte Aktualisierung: 08. Dezember 2025<\/p>\n","protected":false},"excerpt":{"rendered":"<p>Mentions l\u00e9gales &amp; Confidentialit\u00e9 Impressum XYLON Schweizc\/o Christa RoggerErnst-Jung-Gasse 16d8400 Winterthur Datenschutz 1. Allgemeiner Hinweis Gest\u00fctzt auf Artikel 13 der schweizerischen Bundesverfassung und den datenschutzrechtlichen Bestimmungen des Bundes (Datenschutzgesetz, DSG) hat jede Person Anspruch auf Schutz ihrer Privatsph\u00e4re sowie auf Schutz vor Missbrauch ihrer pers\u00f6nlichen Daten. Wir legen grossen Wert auf den Schutz Ihrer Daten [&hellip;]<\/p>\n","protected":false},"author":1,"featured_media":0,"parent":0,"menu_order":0,"comment_status":"closed","ping_status":"closed","template":"","meta":{"footnotes":""},"class_list":["post-475","page","type-page","status-publish","hentry"],"_links":{"self":[{"href":"https:\/\/xylon.ch\/fr\/wp-json\/wp\/v2\/pages\/475","targetHints":{"allow":["GET"]}}],"collection":[{"href":"https:\/\/xylon.ch\/fr\/wp-json\/wp\/v2\/pages"}],"about":[{"href":"https:\/\/xylon.ch\/fr\/wp-json\/wp\/v2\/types\/page"}],"author":[{"embeddable":true,"href":"https:\/\/xylon.ch\/fr\/wp-json\/wp\/v2\/users\/1"}],"replies":[{"embeddable":true,"href":"https:\/\/xylon.ch\/fr\/wp-json\/wp\/v2\/comments?post=475"}],"version-history":[{"count":4,"href":"https:\/\/xylon.ch\/fr\/wp-json\/wp\/v2\/pages\/475\/revisions"}],"predecessor-version":[{"id":665,"href":"https:\/\/xylon.ch\/fr\/wp-json\/wp\/v2\/pages\/475\/revisions\/665"}],"wp:attachment":[{"href":"https:\/\/xylon.ch\/fr\/wp-json\/wp\/v2\/media?parent=475"}],"curies":[{"name":"wp","href":"https:\/\/api.w.org\/{rel}","templated":true}]}}